{"id":896,"date":"2018-04-17T07:52:24","date_gmt":"2018-04-17T07:52:24","guid":{"rendered":"http:\/\/luciogardin.it\/?page_id=896"},"modified":"2018-05-11T09:31:27","modified_gmt":"2018-05-11T09:31:27","slug":"feedback","status":"publish","type":"page","link":"https:\/\/luciogardin.it\/?page_id=896","title":{"rendered":"Feedback"},"content":{"rendered":"<div align=\"justify\">\n<h3><\/h3>\n<h3><strong>Ecco cosa scrivono di me i miei amici<\/strong><\/h3>\n<p><strong>Sara Basso | RESP. MARKETING | ALPHACAN<br \/>\n<\/strong>\u201c&#8230;il tuo spettacolo ha dato un valore aggiunto alla convention derivante dalla personalizzazione dei contenuti. Complimenti anche per il grande lavoro di preparazione, perch\u00e9 il fatto di inserire in chiave ironica alcune delle persone pi\u00f9 in vista dell\u2019azienda, compreso alcune citazioni sui nostri clienti pi\u00f9 importanti, ha favorito un particolare coinvolgimento del pubblico che si \u00e8 sentito parte integrante dello spettacolo. Dobbiamo ringraziarti perch\u00e9 il tuo intervento ci ha dato molto in termini di immagine e di simpatia.\u201c<\/p>\n<p><strong>Anna Gennaro | RESP. MARKETING | MEDIOCREDITO<br \/>\n<\/strong>\u201c&#8230;Trovo sempre qualcuno che mi chiede come facevi a sapere cos\u00ec tanto di noi come Banca e come persone&#8230; i &#8220;prescelti&#8221; sono molto orgogliosi di essere stati un po&#8217; protagonisti della serata ed \u00e8 stata molto apprezzata la tua modalit\u00e0 di fare spettacolo, cucendo su misura dell&#8217;azienda il tuo intervento. E\u2019 stata una convention definita &#8220;indimenticabile&#8221; e &#8220;irripetibile&#8221; da pi\u00f9 persone.\u201c<\/p>\n<p><strong>Luca Cattoi | PRESIDENTE | GIOVANI INDUSTRIALI DEL TRENTINO<br \/>\n<\/strong>Avevamo bisogno di qualcuno che riuscisse ad avviare e lanciare l\u2019evento sul giusto \u201cbinario\u201d, \u201crompendo il ghiaccio\u201d con vivacit\u00e0, grinta e simpatia, ma senza scadere in eccessi che sarebbero risultati poco adatti al contesto istituzionale della serata. Sapevamo che tu eri la persona giusta, per la tua arte sempre ricercata che conquista alla prima battuta senza mai dover ricorrere alla volgarit\u00e0 o alla facezia banale. Il FUNNY MANAGER \u00e8 un\u2019idea geniale, che ci consente di portare la comicit\u00e0 in contesti dai quali fino ad oggi era sempre stata esclusa, in quanto considerata espressione comunicativa incompatibile con le esigenze \u201cdi forma\u201d.<\/div>\n","protected":false},"excerpt":{"rendered":"<p>Ecco cosa scrivono di me i miei amici Sara Basso | RESP. MARKETING | ALPHACAN \u201c&#8230;il tuo spettacolo ha dato un valore aggiunto alla convention derivante dalla personalizzazione dei contenuti. Complimenti anche per il grande lavoro di preparazione, perch\u00e9 il fatto di inserire in chiave ironica alcune delle persone pi\u00f9 in vista dell\u2019azienda, compreso alcune [&hellip;]<\/p>\n","protected":false},"author":1,"featured_media":0,"parent":0,"menu_order":0,"comment_status":"closed","ping_status":"closed","template":"","meta":{"ngg_post_thumbnail":0},"_links":{"self":[{"href":"https:\/\/luciogardin.it\/index.php?rest_route=\/wp\/v2\/pages\/896"}],"collection":[{"href":"https:\/\/luciogardin.it\/index.php?rest_route=\/wp\/v2\/pages"}],"about":[{"href":"https:\/\/luciogardin.it\/index.php?rest_route=\/wp\/v2\/types\/page"}],"author":[{"embeddable":true,"href":"https:\/\/luciogardin.it\/index.php?rest_route=\/wp\/v2\/users\/1"}],"replies":[{"embeddable":true,"href":"https:\/\/luciogardin.it\/index.php?rest_route=%2Fwp%2Fv2%2Fcomments&post=896"}],"version-history":[{"count":6,"href":"https:\/\/luciogardin.it\/index.php?rest_route=\/wp\/v2\/pages\/896\/revisions"}],"predecessor-version":[{"id":1084,"href":"https:\/\/luciogardin.it\/index.php?rest_route=\/wp\/v2\/pages\/896\/revisions\/1084"}],"wp:attachment":[{"href":"https:\/\/luciogardin.it\/index.php?rest_route=%2Fwp%2Fv2%2Fmedia&parent=896"}],"curies":[{"name":"wp","href":"https:\/\/api.w.org\/{rel}","templated":true}]}}