{"id":887,"date":"2018-04-17T07:47:19","date_gmt":"2018-04-17T07:47:19","guid":{"rendered":"http:\/\/luciogardin.it\/?page_id=887"},"modified":"2019-02-28T07:12:43","modified_gmt":"2019-02-28T07:12:43","slug":"cortometraggi","status":"publish","type":"page","link":"https:\/\/luciogardin.it\/?page_id=887","title":{"rendered":"Cortometraggi"},"content":{"rendered":"<div align=\"justify\">\n<h3><strong>Una nuova vita.<br \/>\n<\/strong><\/h3>\n<p><iframe loading=\"lazy\" width=\"500\" height=\"281\" src=\"https:\/\/www.youtube.com\/embed\/paFD9OAyXW8?feature=oembed\" frameborder=\"0\" allow=\"autoplay; encrypted-media\" allowfullscreen><\/iframe><\/p>\n<p>Il mediometraggio \u201cUna Nuova Vita\u201d \u00e8 stato girato tra il monte Bondone e il lago di Tovel a budget ridottissimo. In pratica l\u2019hanno realizzato due persone: Lucio Gardin (regista, sceneggiatore, costumista, truccatore, attore, produttore esecutivo, casting, trovarobato, macchinista, ufficio stampa, ecc.) e Claudio Nicolodi (operatore, aiuto regista, montatore, runner, tecnico audio, direttore della fotografia, titolista, compositore della colonna sonora, ecc.). L\u2019unica voce di cui non si sono occupati loro, \u00e8 la location delle riprese. Infatti, il film termina con un ringraziamento: \u201cSi ringrazia Dio per la scenografia\u201d.<\/p>\n<p>Questa premessa \u00e8 doverosa per comprendere maggiormente il valore di un progetto nato senza grandi pretese, ma che \u00e8 riuscito ad affacciarsi alle pi\u00f9 importanti vetrine nazionali.<br \/>\n&#8211; Finalista al Festival Nazionale AMBIENTE IN CORTO di Frosinone<br \/>\n&#8211; Finalista al Festival Internazionale CORTOCINEMA di Pistoia<br \/>\n&#8211; Finalista al Festival Nazionale IL CORTO.IT di Roma<br \/>\n&#8211; Vincitore 1\u00b0 premio categoria lungometraggi alla 9\u00b0 edizione del VIDEO FESTIVAL DI IMPERIA (in concorso, 840 opere provenienti da 63 nazioni).<\/p>\n<p>Le recensioni (presenti sul retro del DVD e riportate in calce), dimostrano che la forza del film non \u00e8 l\u2019aspetto tecnico e neanche la traccia stilistica, ma un mix di tre elementi: semplicit\u00e0, umorismo e poesia. Per queste caratteristiche, il film \u00e8 stato proiettato anche in vari istituti scolastici, e ne \u00e8 stato realizzato un DVD audio descritto per disabili visivi e sottotitolato per non udenti.<\/p>\n<p>Ora, l\u2019obiettivo \u00e8 realizzare un film per le sale, con la stessa poesia ma con una maggiore attenzione tecnica. Un film che promuova la montagna trentina e ne trasmetta la bellezza. Quello che per Roma \u00e8 \u201cLa grande bellezza\u201d di Sorrentino e prima ancora \u00e8 stato \u201cVacanze Romane\u201d di Wyler.<br \/>\nSpero di riuscirci!<\/p>\n<p><strong>RECENSIONI<\/strong><\/p>\n<p>Un fil che fa sorridere e anche riflettere sui grandi cambiamenti ambientali e sociale che stiamo vivendo, e pone in evidenza la consapevolezza della necessita&#8217; di arrestare un percorso di perdita dellamemoria<br \/>\n<strong>Egidio Bonapace<\/strong><\/p>\n<p>Un fiml poetico, realizzato con grande sensibilitita&#8217;, che nei toni e nei dialoghi tra nonno e nipote mi ha ricorato la vita e bella di Benigni.<br \/>\n<strong>Paolo Milani<\/strong><\/p>\n<p>Piu&#8217; che un film una metafora, che dimostra con straodinaria semplicita&#8217; e sottile ironia quanto poco basti per migliorare la qualit&#8217; della nostra vita.<br \/>\n<strong>Massimo Zorzi<\/strong><br \/>\nUn fiml divertente ma acnhe commuovente, che sulle orme della fantazia porta lo spettaore dentro la natura, con lo sfondo incontaminato, oleografico magnificente, di laghi e montagne. Manca solo di sentire il vento rta i capelli, di odorare il rofumo della fienagione e la metamorfosi \u00e8 completa.<br \/>\n<strong>Claudio Libera<\/strong><\/p>\n<p>Un film che si dipana tra momenti di comicita&#8217; pura, quasi infantile, e profonde rilessioni sul tema della vita. In alcuni passaggi il nonno mi ha fatto venire alla mente charles chaplin. Ci ho trovato la stessa poesia e lo stesso sorriso velato di malinconia.<br \/>\n<strong>Claudia Fedrizzi<\/strong><\/p>\n<div>&#8212;&#8212;&#8212;&#8212;&#8212;&#8212;&#8212;&#8212;&#8212;&#8212;&#8212;&#8212;&#8212;&#8212;&#8212;&#8212;&#8212;&#8212;&#8212;&#8212;&#8212;&#8212;&#8212;&#8212;&#8212;&#8212;-<\/div>\n<h3><strong>La gabbia<\/strong><\/h3>\n<p><iframe loading=\"lazy\" width=\"500\" height=\"281\" src=\"https:\/\/www.youtube.com\/embed\/PyN0UfdZN1Q?feature=oembed\" frameborder=\"0\" allow=\"autoplay; encrypted-media\" allowfullscreen><\/iframe><\/p>\n<h3><strong>Diario di una trappola<\/strong><\/h3>\n<p><iframe loading=\"lazy\" width=\"500\" height=\"281\" src=\"https:\/\/www.youtube.com\/embed\/ZqnbByFxDzQ?feature=oembed\" frameborder=\"0\" allow=\"autoplay; encrypted-media\" allowfullscreen><\/iframe><br \/>\nE\u2019 un film di 15 minuti che tratta da un punto di vista originale un tema molto sentito del nostro tempo, la Ludopatia, con il linguaggio coinvolgente dell&#8217;ironia.<br \/>\nFINALISTA al Festival Nazionale il CORTO.IT di Roma<br \/>\nFINALISTA al Festival Nazionale AMBIENTE IN CORTO di Frosinone<br \/>\nFINALISTA al Festival Internazionale CORTOCINEMA di Pistoia<br \/>\nPREMIATO al FESTIVAL INTERNAZIONALE ALBEROANDRONICO di Roma.Il corto \u00e8 stato proiettato in teatri e istituti scolastici davanti a molti studenti delle scuole medie ed elementari, ed utilizzato in meeting e incontri sociali volti alla sensibilizzazione verso il tema della dipendenza da gioco.<\/p>\n<p>RECENSIONI<\/p>\n<p>Il film disegna perfettamente una famiglia felice, distrutta dalle slot da Bar! Il finale lascia capire che una sana confessione in casa, pu\u00f2 ancora salvare tutto. Fotografia stupenda, comicit\u00e0 sottile e perfettamente allineata alla trama.<br \/>\n<strong>Roberto Valentino&nbsp;<\/strong><\/p>\n<p>Ben girato, belle location e ottima la fotografia. Sceneggiatura forte ed incisiva. Interpretazione impeccabile. Penso che dovrebbe essere proiettato nelle scuole, negli ospedali e, ideale, nei cinema prima dei film perch\u00e9 la causa \u00e8 pi\u00f9 che nobile ed il fenomeno sta assumendo sempre pi\u00f9 gravi dimensioni sociali.<br \/>\n<strong>Luca Manghi<\/strong><\/p>\n<p>Semplice, lineare e poi tratta un argomento pesante con leggerezza e intelligenza cos\u00ec il messaggio arriva. Bella la regia e anche interessante l&#8217;uso della camera car che d\u00e0 il tocco professionale in pi\u00f9. Magari ecco, non tutti gli attori di contorno sono da urlo ma va bene vivaddio \u00e8 un corto.<br \/>\n<strong>Diego Carli<\/strong><\/p>\n<p>Mi piace la cura nello studio del personaggio: la degenerazione del suo sguardo, man mano che si avvicina all\u2019 abisso. Notevole la scelta mai scontata delle inquadrature ed il ritmo del montaggio.Si capisce subito che non c&#8217;\u00e8 nulla di lasciato al caso in questo cortometraggio: ci trovo diversi livelli di riflessione, diverse profondit\u00e0: a scelta personale.<br \/>\n<strong>Paola Depero<\/strong><\/p>\n<p>Splendido corto, che ha l&#8217;autenticit\u00e0 di un film e sfugge alle macchiette della sitcom. Un film che affronta con leggerezza (leggerezza, non banalit\u00e0) una vera e propria piaga sociale. Spero che abbia la circolazione pi\u00f9 ampia.<br \/>\n<strong>Davide Crestani<\/strong><\/p>\n<p>Un film geniale, per nulla banale! Fino al decimo minuto credevo che quella voce cos\u00ec sexy e attraente appartenesse alla barista.. e invece no!! Ecco cosa prova chi \u00e8 intrappolato nel gioco d&#8217;azzardo: come una bella donna, che ti attrae, ti ispira, ti tenta, alla quale non sai dire di no.<br \/>\n<strong>Teresa Mariotti&nbsp;<\/strong><\/p>\n<p>Un film girato molto bene, bella l&#8217;idea originale e ottimo equilibrio tra ironia e tematica principale.<br \/>\n<strong>Giovanni Zola<\/strong><\/p>\n<p>Un film che dovrebbe essere trasmesso nelle scuole e sulle reti locali\/nazionali negli orari pi\u00f9 opportuni ovvero quando anche i bambini possono vederlo e chiedere spiegazioni.<br \/>\n<strong>Franco Piva&nbsp;<\/strong><\/p>\n<p>Il corto \u00e8 stato realizzato da uno fra gli autori comici migliori ed originali dei nostri tempi&#8230; guardatelo perch\u00e9 la chiave del racconto \u00e8 originale e lo storyboard ricorda alcuni capolavori di Troisi e Nuti.<br \/>\n<strong>Valerio Zanghellini<\/strong><\/p>\n<\/div>\n","protected":false},"excerpt":{"rendered":"<p>Una nuova vita. Il mediometraggio \u201cUna Nuova Vita\u201d \u00e8 stato girato tra il monte Bondone e il lago di Tovel a budget ridottissimo. In pratica l\u2019hanno realizzato due persone: Lucio Gardin (regista, sceneggiatore, costumista, truccatore, attore, produttore esecutivo, casting, trovarobato, macchinista, ufficio stampa, ecc.) e Claudio Nicolodi (operatore, aiuto regista, montatore, runner, tecnico audio, direttore [&hellip;]<\/p>\n","protected":false},"author":1,"featured_media":0,"parent":0,"menu_order":0,"comment_status":"closed","ping_status":"closed","template":"","meta":{"ngg_post_thumbnail":0},"_links":{"self":[{"href":"https:\/\/luciogardin.it\/index.php?rest_route=\/wp\/v2\/pages\/887"}],"collection":[{"href":"https:\/\/luciogardin.it\/index.php?rest_route=\/wp\/v2\/pages"}],"about":[{"href":"https:\/\/luciogardin.it\/index.php?rest_route=\/wp\/v2\/types\/page"}],"author":[{"embeddable":true,"href":"https:\/\/luciogardin.it\/index.php?rest_route=\/wp\/v2\/users\/1"}],"replies":[{"embeddable":true,"href":"https:\/\/luciogardin.it\/index.php?rest_route=%2Fwp%2Fv2%2Fcomments&post=887"}],"version-history":[{"count":21,"href":"https:\/\/luciogardin.it\/index.php?rest_route=\/wp\/v2\/pages\/887\/revisions"}],"predecessor-version":[{"id":1236,"href":"https:\/\/luciogardin.it\/index.php?rest_route=\/wp\/v2\/pages\/887\/revisions\/1236"}],"wp:attachment":[{"href":"https:\/\/luciogardin.it\/index.php?rest_route=%2Fwp%2Fv2%2Fmedia&parent=887"}],"curies":[{"name":"wp","href":"https:\/\/api.w.org\/{rel}","templated":true}]}}