{"id":33,"date":"2011-05-02T11:45:48","date_gmt":"2011-05-02T11:45:48","guid":{"rendered":"http:\/\/luciogardin.it\/?page_id=33"},"modified":"2019-05-31T15:40:53","modified_gmt":"2019-05-31T15:40:53","slug":"features","status":"publish","type":"page","link":"https:\/\/luciogardin.it\/?page_id=33","title":{"rendered":"Funnymanager"},"content":{"rendered":"\t\t<div data-elementor-type=\"wp-post\" data-elementor-id=\"33\" class=\"elementor elementor-33\" data-elementor-settings=\"[]\">\n\t\t\t\t\t\t<div class=\"elementor-inner\">\n\t\t\t\t\t\t\t<div class=\"elementor-section-wrap\">\n\t\t\t\t\t\t\t<section class=\"elementor-section elementor-top-section elementor-element elementor-element-1d35e086 elementor-section-boxed elementor-section-height-default elementor-section-height-default\" data-id=\"1d35e086\" data-element_type=\"section\">\n\t\t\t\t\t\t<div class=\"elementor-container elementor-column-gap-default\">\n\t\t\t\t\t\t\t<div class=\"elementor-row\">\n\t\t\t\t\t<div class=\"elementor-column elementor-col-100 elementor-top-column elementor-element elementor-element-392f308\" data-id=\"392f308\" data-element_type=\"column\">\n\t\t\t<div class=\"elementor-column-wrap elementor-element-populated\">\n\t\t\t\t\t\t\t<div class=\"elementor-widget-wrap\">\n\t\t\t\t\t\t<div class=\"elementor-element elementor-element-308d163 elementor-aspect-ratio-169 elementor-widget elementor-widget-video\" data-id=\"308d163\" data-element_type=\"widget\" data-settings=\"{&quot;youtube_url&quot;:&quot;https:\\\/\\\/www.youtube.com\\\/watch?v=RfQ7_QVw_gE&quot;,&quot;video_type&quot;:&quot;youtube&quot;,&quot;controls&quot;:&quot;yes&quot;,&quot;aspect_ratio&quot;:&quot;169&quot;}\" data-widget_type=\"video.default\">\n\t\t\t\t<div class=\"elementor-widget-container\">\n\t\t\t\t\t<div class=\"elementor-wrapper elementor-fit-aspect-ratio elementor-open-inline\">\n\t\t\t<div class=\"elementor-video\"><\/div>\t\t<\/div>\n\t\t\t\t<\/div>\n\t\t\t\t<\/div>\n\t\t\t\t<div class=\"elementor-element elementor-element-3364c24e elementor-widget elementor-widget-text-editor\" data-id=\"3364c24e\" data-element_type=\"widget\" data-widget_type=\"text-editor.default\">\n\t\t\t\t<div class=\"elementor-widget-container\">\n\t\t\t\t\t\t\t\t<div class=\"elementor-text-editor elementor-clearfix\">\n\t\t\t\t<div align=\"justify\"><h3><strong>LA SHOW CONFERENCE COSTRUITA INTORNO A TE.<\/strong><\/h3><p>FUNNY MANAGER \u00e8 uno spettacolo rivolto ad aziende, associazioni ed enti pubblici che desiderano animare in maniera originale meeting, riunioni, convention, assemblee, cene di lavoro, congressi, premiazioni ed eventi speciali.<\/p><p>Il FUNNY MANAGER rappresenta una originale evoluzione del funny waiter di scuola anglosassone.<\/p><p>Sono moltissime le realt\u00e0 che hanno ospitato il FUNNY MANAGER in occasione dei propri eventi\u00a0<strong>*<\/strong>, ed ogni volta \u00e8 stato un successo.<\/p><p><span class=\"titolo_normale_low\">Lo Spettacolo<\/span><br \/>A insaputa della platea, il FUNNY MANAGER \u00e8 presentato come un consulente esterno (o il nuovo direttore del personale, o un altro incarico da concordare con il committente), che illustrer\u00e0 le linee guida dell&#8217;azienda o le nuove politiche commerciali, o altro&#8230;<\/p><p>Il conferenziere inizia la relazione con il supporto di slides e dati sull\u2019azienda e sul mercato di riferimento.<\/p><p>Ma ci\u00f2 che inizia come l\u2019ennesima relazione tecnica, magari anche noiosa, si trasforma in breve in un vero e proprio show.<\/p><p>Tra un grafico improbabile e una direttiva strampalata, il FUNNY MANAGER coinvolge la platea (composta da clienti, dipendenti, soci, fornitori o altro) portandola dallo sconcerto iniziale al divertimento finale.<\/p><p><span class=\"titolo_normale_low\">Vantaggi<\/span><br \/>\u00c8 un\u2019occasione unica per intrattenere e sorprendere la platea alternando le fasi di lavoro istituzionale a momenti di svago. Contribuisce a fidelizzare e consolidare il legame tra i partecipanti.<\/p><p>RIDERE APRE ALL&#8217;EMOZIONE E RIDUCE LA DIFFIDENZA.<\/p><p>Consente di trasmettere specifici messaggi, superando le barriere che solitamente si innalzano nei meeting e workshop tradizionali.<\/p><p>\u00c8 un modo divertente e originale per consegnare borse di studio e fare premiazioni aziendali.<\/p><p>Si inserisce nella serata con argomenti, tempi, e modalit\u00e0 sempre diverse, in base al timing e alle esigenze del cliente.<\/p><p>\u00c8 efficace per informare sulle novit\u00e0 aziendali o per motivare i dipendenti. Perch\u00e9 l\u2019ironia \u00e8 la migliore strategia comunicativa per tranquillizzare, notificare verit\u00e0 scomode o allentare tensioni.<\/p><p>Ecco alcuni Enti e Aziende che hanno firmato il proprio meeting con il Funny Manager.<br \/>Nord Est Found Management (meeting in Germania per i direttori delle banche del Nord Italia) \u2013 BMW Italia \u2013 Pioneer \u2013 Dana \u2013 svariate Banche e Casse Rurali \u2013 Associazione Industriali (TN) \u2013 L.G.Mobile phone \u2013 Carlsberg e Tuborg Italia \u2013 Cantine Ferrari \u2013 Unicef \u2013 Associazione Albergatori (TN) \u2013 Tecnocasa \u2013 Melinda \u2013 Coca Cola (MI) \u2013 Vismara Cup di volley \u2013 Carrera (PD) \u2013 Domino Italia \u2013 Birra Peroni \u2013 Fiat (MI) \u2013 Pulitalia \u2013 Aido \u2013 Agemos Italia \u2013 Milano Fiere \u2013 Fiera di Verona \u2013 Wind \u2013 Universit\u00e0 Bocconi \u2013 Feval (SO) \u2013 Associazione Commercianti (TN) \u2013 Associazione Nazionale Periti Industriali (Roma) \u2013 Aquafil \u2013 Euroservice (BG) \u2013 Fiera di Morbegno \u2013 Malizia (CZ) \u2013 Hormann (MI) \u2013 Ovan (PD) \u2013 Federlegno (FI) \u2013 International Mountain Summit (BZ) \u2013 Unifarm (TN) \u2013 Iperal (SO) \u2013 Galileo Network (MO) \u2013 Auto Torino (BG) .<br \/>Oltre a queste sopraelencate ci sono molte altre realt\u00e0 minori che si sono avvalse del Funny Manager.<\/p><\/div>\t\t\t\t\t<\/div>\n\t\t\t\t\t\t<\/div>\n\t\t\t\t<\/div>\n\t\t\t\t\t\t<\/div>\n\t\t\t\t\t<\/div>\n\t\t<\/div>\n\t\t\t\t\t\t\t\t<\/div>\n\t\t\t\t\t<\/div>\n\t\t<\/section>\n\t\t\t\t\t\t<\/div>\n\t\t\t\t\t\t<\/div>\n\t\t\t\t\t<\/div>\n\t\t","protected":false},"excerpt":{"rendered":"<p>https:\/\/www.youtube.com\/watch?v=RfQ7_QVw_gE LA SHOW CONFERENCE COSTRUITA INTORNO A TE. FUNNY MANAGER \u00e8 uno spettacolo rivolto ad aziende, associazioni ed enti pubblici che desiderano animare in maniera originale meeting, riunioni, convention, assemblee, cene di lavoro, congressi, premiazioni ed eventi speciali. Il FUNNY MANAGER rappresenta una originale evoluzione del funny waiter di scuola anglosassone. Sono moltissime le realt\u00e0 [&hellip;]<\/p>\n","protected":false},"author":1,"featured_media":0,"parent":0,"menu_order":0,"comment_status":"closed","ping_status":"closed","template":"","meta":{"ngg_post_thumbnail":0},"_links":{"self":[{"href":"https:\/\/luciogardin.it\/index.php?rest_route=\/wp\/v2\/pages\/33"}],"collection":[{"href":"https:\/\/luciogardin.it\/index.php?rest_route=\/wp\/v2\/pages"}],"about":[{"href":"https:\/\/luciogardin.it\/index.php?rest_route=\/wp\/v2\/types\/page"}],"author":[{"embeddable":true,"href":"https:\/\/luciogardin.it\/index.php?rest_route=\/wp\/v2\/users\/1"}],"replies":[{"embeddable":true,"href":"https:\/\/luciogardin.it\/index.php?rest_route=%2Fwp%2Fv2%2Fcomments&post=33"}],"version-history":[{"count":25,"href":"https:\/\/luciogardin.it\/index.php?rest_route=\/wp\/v2\/pages\/33\/revisions"}],"predecessor-version":[{"id":1254,"href":"https:\/\/luciogardin.it\/index.php?rest_route=\/wp\/v2\/pages\/33\/revisions\/1254"}],"wp:attachment":[{"href":"https:\/\/luciogardin.it\/index.php?rest_route=%2Fwp%2Fv2%2Fmedia&parent=33"}],"curies":[{"name":"wp","href":"https:\/\/api.w.org\/{rel}","templated":true}]}}